{"id":102,"date":"2021-09-08T17:26:34","date_gmt":"2021-09-08T15:26:34","guid":{"rendered":"http:\/\/fdrcommunication.com\/?page_id=102"},"modified":"2021-10-04T18:31:04","modified_gmt":"2021-10-04T16:31:04","slug":"presentation","status":"publish","type":"page","link":"https:\/\/fdrcommunication.com\/","title":{"rendered":"Pr\u00e9sentation"},"content":{"rendered":"<p style=\"text-align: center;\"><strong>La communication au service de l&rsquo;art de vivre<\/strong><\/p>\n<p>Sp\u00e9cialis\u00e9e dans le domaine de l&rsquo;art de vivre (h\u00f4tellerie, tourisme, gastronomie, consommation&#8230;), Fleur de Roquefeuil Communication, agence de conseil en relations presse et publics, accompagne ses clients dans le <strong>d\u00e9veloppement de leur image et de leur notori\u00e9t\u00e9 aupr\u00e8s de la presse et du grand public<\/strong> gr\u00e2ce \u00e0 des campagnes de communication et \u00e9v\u00e9nementielles cibl\u00e9es.<\/p>\n\n\n<p>C&rsquo;est en \u00e9tant \u00e0 l&rsquo;\u00e9coute des besoins de chacun et en s&rsquo;adaptant aux diff\u00e9rents objectifs que Fleur de Roquefeuil Communication propose <strong>une strat\u00e9gie sur-mesure et un  accompagnement personnalis\u00e9 <\/strong> \u00e0 chaque client. <\/p>\n\n\n\n<p>Le fid\u00e8le r\u00e9seau de journalistes et d&rsquo;influenceurs avec lequel l&rsquo;agence travaille permet par ailleurs de <strong>faire rayonner les marques<\/strong> au sein des diff\u00e9rents supports de communication, que ce soit pour leurs actualit\u00e9s, ou bien encore \u00e0 l&rsquo;occasion de leur(s) \u00e9v\u00e9nement(s). <\/p>\n\n\n<p>Fleur de Roquefeuil Communication, c&rsquo;est un accompagnement au quotidien dans la gestion de vos :<\/p>\n\n\n<p><strong>Relations presse<\/strong> : r\u00e9daction des supports de communication, gestion des relations avec l&rsquo;ensemble des m\u00e9dias statutaires fran\u00e7ais (papier, Web, TV, radio).<\/p>\n\n\n\n<p><strong>R\u00e9seaux sociaux<\/strong> : gestion des relations avec les influenceurs (organisation d&rsquo;\u00e9v\u00e9nements, portages presse&#8230;). <\/p>\n\n\n\n<p><strong>Relations publics &amp; \u00e9v\u00e9nementiel <\/strong>: organisation d&rsquo;\u00e9v\u00e9nements, en collaboration avec les \u00e9quipes de la marque (concept, soutien logistique et op\u00e9rationnel, invitation journalistes\/influenceurs, pr\u00e9sence le jour J, suivi de l&rsquo;op\u00e9ration). <\/p>\n\n\n\n<p><\/p>\n\n\n\n<p><strong>Qui suis-je&nbsp;?<\/strong><\/p>\n\n\n\n<div class=\"wp-block-image is-style-default\"><figure class=\"aligncenter size-full\"><img loading=\"lazy\" width=\"340\" height=\"509\" src=\"https:\/\/fdrcommunication.com\/wp-content\/uploads\/2021\/10\/Photo-site-e1633339539479.png\" alt=\"\" class=\"wp-image-469\"\/><\/figure><\/div>\n\n\n\n<p>Riche de 10 d\u2019exp\u00e9rience au sein de grandes agences de communication (Bureau de Presse Pascale Venot, Zmirov Communication, Territoires &amp; Co&#8230;), j\u2019ai, au fil des ann\u00e9es, tiss\u00e9 des liens privil\u00e9gi\u00e9s avec les journalistes fran\u00e7ais et les correspondants \u00e9trangers en France. Sp\u00e9cialis\u00e9e dans le domaine de l\u2019art de vivre (h\u00f4tellerie, tourisme, gastronomie, consommation\u2026), les relations presse et publics n\u2019ont plus de secret pour moi. Ouverte d\u2019esprit, curieuse et organis\u00e9e, j\u2019ai le sens des priorit\u00e9s et du d\u00e9tail dans ce que j\u2019entreprends et je serais ravie de vous faire b\u00e9n\u00e9ficier de mon savoir-faire en vous accompagnant, au quotidien ou \u00e0 l\u2019occasion d\u2019op\u00e9rations ponctuelles.<\/p>\n\n\n\n<p class=\"has-text-align-center\"><strong>Ensemble, construisons votre notori\u00e9t\u00e9 !<\/strong><\/p>\n\n\n\n<p><\/p>\n","protected":false},"excerpt":{"rendered":"<p>La communication au service de l&rsquo;art de vivre Sp\u00e9cialis\u00e9e dans le domaine de l&rsquo;art de vivre (h\u00f4tellerie, tourisme, gastronomie, consommation&#8230;), Fleur de Roquefeuil Communication, agence de conseil en relations presse et publics, accompagne ses clients dans le d\u00e9veloppement de leur image et de leur notori\u00e9t\u00e9 aupr\u00e8s de la presse et du grand public gr\u00e2ce \u00e0 &hellip; <\/p>\n<p class=\"link-more\"><a href=\"https:\/\/fdrcommunication.com\/\" class=\"more-link\">Continuer la lecture<span class=\"screen-reader-text\"> de &laquo;&nbsp;Pr\u00e9sentation&nbsp;&raquo;<\/span><\/a><\/p>\n","protected":false},"author":1,"featured_media":0,"parent":0,"menu_order":0,"comment_status":"closed","ping_status":"closed","template":"","meta":[],"yoast_head":"<!-- This site is optimized with the Yoast SEO plugin v17.2 - https:\/\/yoast.com\/wordpress\/plugins\/seo\/ -->\n<title>Pr\u00e9sentation - Fleur de Roquefeuil Communication<\/title>\n<meta name=\"robots\" content=\"index, follow, max-snippet:-1, max-image-preview:large, max-video-preview:-1\" \/>\n<link rel=\"canonical\" href=\"https:\/\/fdrcommunication.com\/\" \/>\n<meta property=\"og:locale\" content=\"fr_FR\" \/>\n<meta property=\"og:type\" content=\"article\" \/>\n<meta property=\"og:title\" content=\"Pr\u00e9sentation - Fleur de Roquefeuil Communication\" \/>\n<meta property=\"og:description\" content=\"La communication au service de l&rsquo;art de vivre Sp\u00e9cialis\u00e9e dans le domaine de l&rsquo;art de vivre (h\u00f4tellerie, tourisme, gastronomie, consommation&#8230;), Fleur de Roquefeuil Communication, agence de conseil en relations presse et publics, accompagne ses clients dans le d\u00e9veloppement de leur image et de leur notori\u00e9t\u00e9 aupr\u00e8s de la presse et du grand public gr\u00e2ce \u00e0 &hellip; Continuer la lecture de &laquo;&nbsp;Pr\u00e9sentation&nbsp;&raquo;\" \/>\n<meta property=\"og:url\" content=\"https:\/\/fdrcommunication.com\/\" \/>\n<meta property=\"og:site_name\" content=\"Fleur de Roquefeuil Communication\" \/>\n<meta property=\"article:modified_time\" content=\"2021-10-04T16:31:04+00:00\" \/>\n<meta property=\"og:image\" content=\"https:\/\/fdrcommunication.com\/wp-content\/uploads\/2021\/10\/Photo-site-e1633339539479.png\" \/>\n<meta name=\"twitter:card\" content=\"summary_large_image\" \/>\n<meta name=\"twitter:label1\" content=\"Dur\u00e9e de lecture est.\" \/>\n\t<meta name=\"twitter:data1\" content=\"2 minutes\" \/>\n<script type=\"application\/ld+json\" class=\"yoast-schema-graph\">{\"@context\":\"https:\/\/schema.org\",\"@graph\":[{\"@type\":\"WebSite\",\"@id\":\"https:\/\/fdrcommunication.com\/#website\",\"url\":\"https:\/\/fdrcommunication.com\/\",\"name\":\"FDR Communication\",\"description\":\"La communication au service de l&#039;art de vivre\",\"potentialAction\":[{\"@type\":\"SearchAction\",\"target\":{\"@type\":\"EntryPoint\",\"urlTemplate\":\"https:\/\/fdrcommunication.com\/?s={search_term_string}\"},\"query-input\":\"required name=search_term_string\"}],\"inLanguage\":\"fr-FR\"},{\"@type\":\"ImageObject\",\"@id\":\"https:\/\/fdrcommunication.com\/#primaryimage\",\"inLanguage\":\"fr-FR\",\"url\":\"https:\/\/fdrcommunication.com\/wp-content\/uploads\/2021\/10\/Photo-site-e1633339539479.png\",\"contentUrl\":\"https:\/\/fdrcommunication.com\/wp-content\/uploads\/2021\/10\/Photo-site-e1633339539479.png\",\"width\":340,\"height\":509},{\"@type\":\"WebPage\",\"@id\":\"https:\/\/fdrcommunication.com\/#webpage\",\"url\":\"https:\/\/fdrcommunication.com\/\",\"name\":\"Pr\\u00e9sentation - Fleur de Roquefeuil Communication\",\"isPartOf\":{\"@id\":\"https:\/\/fdrcommunication.com\/#website\"},\"primaryImageOfPage\":{\"@id\":\"https:\/\/fdrcommunication.com\/#primaryimage\"},\"datePublished\":\"2021-09-08T15:26:34+00:00\",\"dateModified\":\"2021-10-04T16:31:04+00:00\",\"breadcrumb\":{\"@id\":\"https:\/\/fdrcommunication.com\/#breadcrumb\"},\"inLanguage\":\"fr-FR\",\"potentialAction\":[{\"@type\":\"ReadAction\",\"target\":[\"https:\/\/fdrcommunication.com\/\"]}]},{\"@type\":\"BreadcrumbList\",\"@id\":\"https:\/\/fdrcommunication.com\/#breadcrumb\",\"itemListElement\":[{\"@type\":\"ListItem\",\"position\":1,\"name\":\"Accueil\",\"item\":\"https:\/\/fdrcommunication.com\/\"},{\"@type\":\"ListItem\",\"position\":2,\"name\":\"Pr\\u00e9sentation\"}]}]}<\/script>\n<!-- \/ Yoast SEO plugin. -->","yoast_head_json":{"title":"Pr\u00e9sentation - Fleur de Roquefeuil Communication","robots":{"index":"index","follow":"follow","max-snippet":"max-snippet:-1","max-image-preview":"max-image-preview:large","max-video-preview":"max-video-preview:-1"},"canonical":"https:\/\/fdrcommunication.com\/","og_locale":"fr_FR","og_type":"article","og_title":"Pr\u00e9sentation - Fleur de Roquefeuil Communication","og_description":"La communication au service de l&rsquo;art de vivre Sp\u00e9cialis\u00e9e dans le domaine de l&rsquo;art de vivre (h\u00f4tellerie, tourisme, gastronomie, consommation&#8230;), Fleur de Roquefeuil Communication, agence de conseil en relations presse et publics, accompagne ses clients dans le d\u00e9veloppement de leur image et de leur notori\u00e9t\u00e9 aupr\u00e8s de la presse et du grand public gr\u00e2ce \u00e0 &hellip; Continuer la lecture de &laquo;&nbsp;Pr\u00e9sentation&nbsp;&raquo;","og_url":"https:\/\/fdrcommunication.com\/","og_site_name":"Fleur de Roquefeuil Communication","article_modified_time":"2021-10-04T16:31:04+00:00","og_image":[{"url":"https:\/\/fdrcommunication.com\/wp-content\/uploads\/2021\/10\/Photo-site-e1633339539479.png"}],"twitter_card":"summary_large_image","twitter_misc":{"Dur\u00e9e de lecture est.":"2 minutes"},"schema":{"@context":"https:\/\/schema.org","@graph":[{"@type":"WebSite","@id":"https:\/\/fdrcommunication.com\/#website","url":"https:\/\/fdrcommunication.com\/","name":"FDR Communication","description":"La communication au service de l&#039;art de vivre","potentialAction":[{"@type":"SearchAction","target":{"@type":"EntryPoint","urlTemplate":"https:\/\/fdrcommunication.com\/?s={search_term_string}"},"query-input":"required name=search_term_string"}],"inLanguage":"fr-FR"},{"@type":"ImageObject","@id":"https:\/\/fdrcommunication.com\/#primaryimage","inLanguage":"fr-FR","url":"https:\/\/fdrcommunication.com\/wp-content\/uploads\/2021\/10\/Photo-site-e1633339539479.png","contentUrl":"https:\/\/fdrcommunication.com\/wp-content\/uploads\/2021\/10\/Photo-site-e1633339539479.png","width":340,"height":509},{"@type":"WebPage","@id":"https:\/\/fdrcommunication.com\/#webpage","url":"https:\/\/fdrcommunication.com\/","name":"Pr\u00e9sentation - Fleur de Roquefeuil Communication","isPartOf":{"@id":"https:\/\/fdrcommunication.com\/#website"},"primaryImageOfPage":{"@id":"https:\/\/fdrcommunication.com\/#primaryimage"},"datePublished":"2021-09-08T15:26:34+00:00","dateModified":"2021-10-04T16:31:04+00:00","breadcrumb":{"@id":"https:\/\/fdrcommunication.com\/#breadcrumb"},"inLanguage":"fr-FR","potentialAction":[{"@type":"ReadAction","target":["https:\/\/fdrcommunication.com\/"]}]},{"@type":"BreadcrumbList","@id":"https:\/\/fdrcommunication.com\/#breadcrumb","itemListElement":[{"@type":"ListItem","position":1,"name":"Accueil","item":"https:\/\/fdrcommunication.com\/"},{"@type":"ListItem","position":2,"name":"Pr\u00e9sentation"}]}]}},"_links":{"self":[{"href":"https:\/\/fdrcommunication.com\/index.php\/wp-json\/wp\/v2\/pages\/102"}],"collection":[{"href":"https:\/\/fdrcommunication.com\/index.php\/wp-json\/wp\/v2\/pages"}],"about":[{"href":"https:\/\/fdrcommunication.com\/index.php\/wp-json\/wp\/v2\/types\/page"}],"author":[{"embeddable":true,"href":"https:\/\/fdrcommunication.com\/index.php\/wp-json\/wp\/v2\/users\/1"}],"replies":[{"embeddable":true,"href":"https:\/\/fdrcommunication.com\/index.php\/wp-json\/wp\/v2\/comments?post=102"}],"version-history":[{"count":54,"href":"https:\/\/fdrcommunication.com\/index.php\/wp-json\/wp\/v2\/pages\/102\/revisions"}],"predecessor-version":[{"id":485,"href":"https:\/\/fdrcommunication.com\/index.php\/wp-json\/wp\/v2\/pages\/102\/revisions\/485"}],"wp:attachment":[{"href":"https:\/\/fdrcommunication.com\/index.php\/wp-json\/wp\/v2\/media?parent=102"}],"curies":[{"name":"wp","href":"https:\/\/api.w.org\/{rel}","templated":true}]}}