{"id":448,"date":"2021-10-01T16:32:17","date_gmt":"2021-10-01T14:32:17","guid":{"rendered":"https:\/\/fdrcommunication.com\/?page_id=448"},"modified":"2021-10-04T15:43:30","modified_gmt":"2021-10-04T13:43:30","slug":"tarifs","status":"publish","type":"page","link":"https:\/\/fdrcommunication.com\/index.php\/tarifs\/","title":{"rendered":"Tarifs"},"content":{"rendered":"\n<p class=\"has-text-align-center\"><strong>R\u00e9daction d\u2019un communiqu\u00e9 de presse<\/strong>&nbsp;: \u00e0 partir de 350 \u20ac<\/p>\n\n\n\n<p>Le communiqu\u00e9 de presse est un document d\u2019une \u00e0 deux pages (maximum) traitant d\u2019un sujet sp\u00e9cifique de votre actualit\u00e9&nbsp;: lancement d\u2019un nouveau produit, ouverture d\u2019un lieu, lev\u00e9e de fonds\u2026 Ce document, destin\u00e9 \u00e0 donner envie aux journalistes de reprendre l\u2019information et de traiter le sujet, peut \u00eatre repris dans sa globalit\u00e9 ou \u00eatre exploit\u00e9 partiellement.<\/p>\n\n\n\n<p>Fleur de Roquefeuil Communication se charge, sur la base des informations communiqu\u00e9es par l&rsquo;\u00e9quipe de l&rsquo;entreprise, de r\u00e9diger le ou les communiqu\u00e9(s) de presse.<\/p>\n\n\n\n<p class=\"has-text-align-center\"><strong>R\u00e9daction d\u2019un dossier de presse<\/strong>\u00a0: \u00e0 partir de 700 \u20ac <\/p>\n\n\n\n<p>Le dossier de presse est un document d\u2019une dizaine de pages maximum regroupant toutes les informations au sujet de votre entreprise, de votre marque, de votre h\u00f4tel\u2026susceptibles d\u2019int\u00e9resser les journalistes\u00a0: histoire de l\u2019entreprise, biographie du ou des dirigeant(s), chiffres-cl\u00e9s, informations au sujet des produits et services\u2026 Le dossier de presse vous accompagnera tout au long de vos campagnes de communication. Il peut \u00eatre mis \u00e0 jour r\u00e9guli\u00e8rement en fonction de vos actualit\u00e9s.<\/p>\n\n\n\n<p class=\"has-text-align-center\"><strong>Refonte d&rsquo;un dossier de presse<\/strong> : \u00e0 partir de 300 \u20ac<\/p>\n\n\n\n<p>Vous poss\u00e9dez d\u00e9j\u00e0 un dossier de presse, mais il est obsol\u00e8te ? Fleur de Roquefeuil Communication vous accompagne dans sa refonte \/ mise \u00e0 jour. <\/p>\n\n\n\n<p class=\"has-text-align-center\"><strong>Accompagnement campagne de relations presse<\/strong>&nbsp;: \u00e0 partir de 1 500 \u20ac \/ mois<\/p>\n\n\n\n<p>Fleur de Roquefeuil Communication vous accompagne au quotidien dans votre campagne de relations presse gr\u00e2ce aux outils presse r\u00e9alis\u00e9s conjointement (communiqu\u00e9(s) de presse, dossier de presse\u2026).<\/p>\n\n\n\n<p>Une bonne campagne de relations presse doit durer au minimum 4 mois afin d\u2019avoir un impact pertinent (cr\u00e9ation des outils r\u00e9dactionnels, diffusion, relances t\u00e9l\u00e9phoniques cibl\u00e9es, organisation d\u2019interview(s), compilation des retomb\u00e9es et analyse de la campagne\u2026).<\/p>\n\n\n\n<p class=\"has-text-align-center\"><strong>Accompagnement \u00e9v\u00e9nementiel<\/strong>&nbsp;: \u00e0 partir de 1 000 \u20ac<\/p>\n\n\n\n<p>En compl\u00e9ment de votre campagne de relations presse ou \u00e0 l\u2019occasion d\u2019op\u00e9rations ponctuelles, Fleur de Roquefeuil Communication vous aide \u00e0 donner un coup de projecteur \u00e0 vos \u00e9v\u00e9nements (conf\u00e9rence de presse, inauguration de lieu, lancement de produit\u2026). Chaque op\u00e9ration est pens\u00e9e en \u00e9troite collaboration avec les \u00e9quipes de la marque&nbsp;: de la conception \u00e0 la r\u00e9alisation, en passant par l\u2019invitation des journalistes et influenceurs cibl\u00e9s, jusqu\u2019\u00e0 la m\u00e9diatisation dans la presse et le suivi post-op\u00e9ration, Fleur de Roquefeuil Communication vous accompagne  et se fait un v\u00e9ritable relais de votre \u00e9v\u00e9nement.<\/p>\n\n\n\n<p class=\"has-text-align-left\"><strong>Fleur de Roquefeuil Communication reste \u00e0 votre \u00e9coute et \u00e0 votre disposition pour \u00e9changer plus pr\u00e9cis\u00e9ment au sujet de vos besoins et vous proposer des tarifs adapt\u00e9s et sur-mesure.<\/strong><\/p>\n\n\n\n<p class=\"has-text-align-center\">Quelques exemples de missions r\u00e9alis\u00e9es :<\/p>\n\n\n\n<ul><li>R\u00e9daction du dossier de presse d&rsquo;\u00e9tablissements h\u00f4teliers et de restaurants.<\/li><li>Accompagnement en relations presse de l&rsquo;ouverture d&rsquo;un h\u00f4tel : communication, organisation de la soir\u00e9e d&rsquo;inauguration (s\u00e9lection des journalistes invit\u00e9s, invitations, relances t\u00e9l\u00e9phoniques, pr\u00e9sence le jour J).<\/li><li>Organisation de voyages de presse.<\/li><li>Mise en place de portages presse cibl\u00e9s.<\/li><li>Organisation de rencontres avec les journalistes en one to one.<\/li><li>Organisation d&rsquo;interviews cibl\u00e9es en fonction de l&rsquo;actualit\u00e9 du client.<\/li><\/ul>\n\n\n\n<p><\/p>\n","protected":false},"excerpt":{"rendered":"<p>R\u00e9daction d\u2019un communiqu\u00e9 de presse&nbsp;: \u00e0 partir de 350 \u20ac Le communiqu\u00e9 de presse est un document d\u2019une \u00e0 deux pages (maximum) traitant d\u2019un sujet sp\u00e9cifique de votre actualit\u00e9&nbsp;: lancement d\u2019un nouveau produit, ouverture d\u2019un lieu, lev\u00e9e de fonds\u2026 Ce document, destin\u00e9 \u00e0 donner envie aux journalistes de reprendre l\u2019information et de traiter le sujet, &hellip; <\/p>\n<p class=\"link-more\"><a href=\"https:\/\/fdrcommunication.com\/index.php\/tarifs\/\" class=\"more-link\">Continuer la lecture<span class=\"screen-reader-text\"> de &laquo;&nbsp;Tarifs&nbsp;&raquo;<\/span><\/a><\/p>\n","protected":false},"author":1,"featured_media":0,"parent":0,"menu_order":0,"comment_status":"closed","ping_status":"closed","template":"","meta":[],"yoast_head":"<!-- This site is optimized with the Yoast SEO plugin v17.2 - https:\/\/yoast.com\/wordpress\/plugins\/seo\/ -->\n<title>Tarifs - Fleur de Roquefeuil Communication<\/title>\n<meta name=\"robots\" content=\"index, follow, max-snippet:-1, max-image-preview:large, max-video-preview:-1\" \/>\n<link rel=\"canonical\" href=\"https:\/\/fdrcommunication.com\/index.php\/tarifs\/\" \/>\n<meta property=\"og:locale\" content=\"fr_FR\" \/>\n<meta property=\"og:type\" content=\"article\" \/>\n<meta property=\"og:title\" content=\"Tarifs - Fleur de Roquefeuil Communication\" \/>\n<meta property=\"og:description\" content=\"R\u00e9daction d\u2019un communiqu\u00e9 de presse&nbsp;: \u00e0 partir de 350 \u20ac Le communiqu\u00e9 de presse est un document d\u2019une \u00e0 deux pages (maximum) traitant d\u2019un sujet sp\u00e9cifique de votre actualit\u00e9&nbsp;: lancement d\u2019un nouveau produit, ouverture d\u2019un lieu, lev\u00e9e de fonds\u2026 Ce document, destin\u00e9 \u00e0 donner envie aux journalistes de reprendre l\u2019information et de traiter le sujet, &hellip; Continuer la lecture de &laquo;&nbsp;Tarifs&nbsp;&raquo;\" \/>\n<meta property=\"og:url\" content=\"https:\/\/fdrcommunication.com\/index.php\/tarifs\/\" \/>\n<meta property=\"og:site_name\" content=\"Fleur de Roquefeuil Communication\" \/>\n<meta property=\"article:modified_time\" content=\"2021-10-04T13:43:30+00:00\" \/>\n<meta name=\"twitter:card\" content=\"summary_large_image\" \/>\n<meta name=\"twitter:label1\" content=\"Dur\u00e9e de lecture est.\" \/>\n\t<meta name=\"twitter:data1\" content=\"3 minutes\" \/>\n<script type=\"application\/ld+json\" class=\"yoast-schema-graph\">{\"@context\":\"https:\/\/schema.org\",\"@graph\":[{\"@type\":\"WebSite\",\"@id\":\"https:\/\/fdrcommunication.com\/#website\",\"url\":\"https:\/\/fdrcommunication.com\/\",\"name\":\"FDR Communication\",\"description\":\"La communication au service de l&#039;art de vivre\",\"potentialAction\":[{\"@type\":\"SearchAction\",\"target\":{\"@type\":\"EntryPoint\",\"urlTemplate\":\"https:\/\/fdrcommunication.com\/?s={search_term_string}\"},\"query-input\":\"required name=search_term_string\"}],\"inLanguage\":\"fr-FR\"},{\"@type\":\"WebPage\",\"@id\":\"https:\/\/fdrcommunication.com\/index.php\/tarifs\/#webpage\",\"url\":\"https:\/\/fdrcommunication.com\/index.php\/tarifs\/\",\"name\":\"Tarifs - Fleur de Roquefeuil Communication\",\"isPartOf\":{\"@id\":\"https:\/\/fdrcommunication.com\/#website\"},\"datePublished\":\"2021-10-01T14:32:17+00:00\",\"dateModified\":\"2021-10-04T13:43:30+00:00\",\"breadcrumb\":{\"@id\":\"https:\/\/fdrcommunication.com\/index.php\/tarifs\/#breadcrumb\"},\"inLanguage\":\"fr-FR\",\"potentialAction\":[{\"@type\":\"ReadAction\",\"target\":[\"https:\/\/fdrcommunication.com\/index.php\/tarifs\/\"]}]},{\"@type\":\"BreadcrumbList\",\"@id\":\"https:\/\/fdrcommunication.com\/index.php\/tarifs\/#breadcrumb\",\"itemListElement\":[{\"@type\":\"ListItem\",\"position\":1,\"name\":\"Accueil\",\"item\":\"https:\/\/fdrcommunication.com\/\"},{\"@type\":\"ListItem\",\"position\":2,\"name\":\"Tarifs\"}]}]}<\/script>\n<!-- \/ Yoast SEO plugin. -->","yoast_head_json":{"title":"Tarifs - Fleur de Roquefeuil Communication","robots":{"index":"index","follow":"follow","max-snippet":"max-snippet:-1","max-image-preview":"max-image-preview:large","max-video-preview":"max-video-preview:-1"},"canonical":"https:\/\/fdrcommunication.com\/index.php\/tarifs\/","og_locale":"fr_FR","og_type":"article","og_title":"Tarifs - Fleur de Roquefeuil Communication","og_description":"R\u00e9daction d\u2019un communiqu\u00e9 de presse&nbsp;: \u00e0 partir de 350 \u20ac Le communiqu\u00e9 de presse est un document d\u2019une \u00e0 deux pages (maximum) traitant d\u2019un sujet sp\u00e9cifique de votre actualit\u00e9&nbsp;: lancement d\u2019un nouveau produit, ouverture d\u2019un lieu, lev\u00e9e de fonds\u2026 Ce document, destin\u00e9 \u00e0 donner envie aux journalistes de reprendre l\u2019information et de traiter le sujet, &hellip; Continuer la lecture de &laquo;&nbsp;Tarifs&nbsp;&raquo;","og_url":"https:\/\/fdrcommunication.com\/index.php\/tarifs\/","og_site_name":"Fleur de Roquefeuil Communication","article_modified_time":"2021-10-04T13:43:30+00:00","twitter_card":"summary_large_image","twitter_misc":{"Dur\u00e9e de lecture est.":"3 minutes"},"schema":{"@context":"https:\/\/schema.org","@graph":[{"@type":"WebSite","@id":"https:\/\/fdrcommunication.com\/#website","url":"https:\/\/fdrcommunication.com\/","name":"FDR Communication","description":"La communication au service de l&#039;art de vivre","potentialAction":[{"@type":"SearchAction","target":{"@type":"EntryPoint","urlTemplate":"https:\/\/fdrcommunication.com\/?s={search_term_string}"},"query-input":"required name=search_term_string"}],"inLanguage":"fr-FR"},{"@type":"WebPage","@id":"https:\/\/fdrcommunication.com\/index.php\/tarifs\/#webpage","url":"https:\/\/fdrcommunication.com\/index.php\/tarifs\/","name":"Tarifs - Fleur de Roquefeuil Communication","isPartOf":{"@id":"https:\/\/fdrcommunication.com\/#website"},"datePublished":"2021-10-01T14:32:17+00:00","dateModified":"2021-10-04T13:43:30+00:00","breadcrumb":{"@id":"https:\/\/fdrcommunication.com\/index.php\/tarifs\/#breadcrumb"},"inLanguage":"fr-FR","potentialAction":[{"@type":"ReadAction","target":["https:\/\/fdrcommunication.com\/index.php\/tarifs\/"]}]},{"@type":"BreadcrumbList","@id":"https:\/\/fdrcommunication.com\/index.php\/tarifs\/#breadcrumb","itemListElement":[{"@type":"ListItem","position":1,"name":"Accueil","item":"https:\/\/fdrcommunication.com\/"},{"@type":"ListItem","position":2,"name":"Tarifs"}]}]}},"_links":{"self":[{"href":"https:\/\/fdrcommunication.com\/index.php\/wp-json\/wp\/v2\/pages\/448"}],"collection":[{"href":"https:\/\/fdrcommunication.com\/index.php\/wp-json\/wp\/v2\/pages"}],"about":[{"href":"https:\/\/fdrcommunication.com\/index.php\/wp-json\/wp\/v2\/types\/page"}],"author":[{"embeddable":true,"href":"https:\/\/fdrcommunication.com\/index.php\/wp-json\/wp\/v2\/users\/1"}],"replies":[{"embeddable":true,"href":"https:\/\/fdrcommunication.com\/index.php\/wp-json\/wp\/v2\/comments?post=448"}],"version-history":[{"count":4,"href":"https:\/\/fdrcommunication.com\/index.php\/wp-json\/wp\/v2\/pages\/448\/revisions"}],"predecessor-version":[{"id":483,"href":"https:\/\/fdrcommunication.com\/index.php\/wp-json\/wp\/v2\/pages\/448\/revisions\/483"}],"wp:attachment":[{"href":"https:\/\/fdrcommunication.com\/index.php\/wp-json\/wp\/v2\/media?parent=448"}],"curies":[{"name":"wp","href":"https:\/\/api.w.org\/{rel}","templated":true}]}}